{"id":427,"date":"2018-01-06T17:16:49","date_gmt":"2018-01-06T16:16:49","guid":{"rendered":"https:\/\/junges-consortium-berlin.de\/de\/?page_id=427"},"modified":"2026-02-03T12:15:20","modified_gmt":"2026-02-03T10:15:20","slug":"sponsors","status":"publish","type":"page","link":"https:\/\/junges-consortium-berlin.de\/en\/sponsors\/","title":{"rendered":"Sponsors","raw":"Sponsors"},"content":{"rendered":"<p>Support the Junges Consortium Berlin and become a member of the Friends, Alumni and Sponsors of the Junges Consortium Berlin e.V. association.<\/p>\n<p>Click here to access the membership application form for our support association:  &nbsp;&nbsp;&nbsp;&nbsp; <a style=\"background-color:#8ED0C5;border:none;color:white;padding: 5px 10px;cursor: pointer;\" href=\"https:\/\/junges-consortium-berlin.de\/wp-content\/uploads\/2024\/10\/Foerderverein_JCB_Antrag.pdf\">Membership application<\/a><\/p>\n<p><strong>Freunde, Ehemalige und F\u00f6rderer des Junges Consortium Berlin e.V.<\/strong><br \/>\nc\/o Yannick Schmitz, Wenckebachstr. 17<br \/>\n12099 Berlin<\/p>\n<p>Help us and donate directly:<\/p>\n<p><strong>Name and address of the payee:<\/strong> Freunde, Ehemalige und F\u00f6rderer des Junges Consortium Berlin e.V.<br \/>\n<strong>Address:<\/strong> c\/o Yannick Schmitz, Wenckebachstr. 17 12099 Berlin<br \/>\n<strong>Creditor identification number:<\/strong> DE66ZZZ00002649694<br \/>\n<strong>IBAN:<\/strong> DE07 1005 0000 0191 2474 56<\/p>\n<p>If you donate more than EUR 199,- you will receive a deductible donation receipt.<\/p>\n","protected":false,"raw":"Support the Junges Consortium Berlin and become a member of the Friends, Alumni and Sponsors of the Junges Consortium Berlin e.V. association.\r\n\r\nClick here to access the membership application form for our support association:  &nbsp;&nbsp;&nbsp;&nbsp; <a style=\"background-color:#8ED0C5;border:none;color:white;padding: 5px 10px;cursor: pointer;\" href=\"https:\/\/junges-consortium-berlin.de\/wp-content\/uploads\/2024\/10\/Foerderverein_JCB_Antrag.pdf\">Membership application<\/a>\r\n\r\n<strong>Freunde, Ehemalige und F\u00f6rderer des Junges Consortium Berlin e.V.<\/strong>\r\nc\/o Yannick Schmitz, Wenckebachstr. 17\r\n12099 Berlin\r\n\r\nHelp us and donate directly:\r\n\r\n<strong>Name and address of the payee:<\/strong> Freunde, Ehemalige und F\u00f6rderer des Junges Consortium Berlin e.V.\r\n<strong>Address:<\/strong> c\/o Yannick Schmitz, Wenckebachstr. 17 12099 Berlin\r\n<strong>Creditor identification number:<\/strong> DE66ZZZ00002649694\r\n<strong>IBAN:<\/strong> DE07 1005 0000 0191 2474 56\r\n\r\nIf you donate more than EUR 199,- you will receive a deductible donation receipt."},"excerpt":{"rendered":"","protected":false,"raw":""},"author":1,"featured_media":0,"parent":0,"menu_order":0,"comment_status":"closed","ping_status":"closed","template":"","meta":{"inline_featured_image":false,"_de_post_content":"Unterst\u00fctze das Junge Consortium Berlin und werde Mitglied im Verein Freunde, Ehemalige und F\u00f6rderer des Junges Consortium Berlin e.V.\r\n\r\nKlicke hier, um den Mitgliedsantrag f\u00fcr unseren F\u00f6rderverein aufzurufen: &nbsp;&nbsp;&nbsp;&nbsp; <a style=\"background-color:#8ED0C5;border:none;color:white;padding: 5px 10px;cursor: pointer;\" href=\"https:\/\/junges-consortium-berlin.de\/wp-content\/uploads\/2024\/10\/Foerderverein_JCB_Antrag.pdf\">Mitgliedsantrag<\/a>\r\n\r\n<strong>Freunde, Ehemalige und F\u00f6rderer des Jungen Consortium Berlin e.V.<\/strong>\r\nc\/o Jakob Buscherm\u00f6hle, Solinger Str. 11\r\n10555 Berlin Berlin\r\n\r\nHilf uns und spende direkt:\r\n\r\n<strong>Name und Anschrift des Zahlungsempf\u00e4ngers:<\/strong> Freunde, Ehemalige und F\u00f6rderer des Jungen Consortium Berlin e.V.\r\n<strong>Adresse:<\/strong> c\/o Jakob Buscherm\u00f6hle, Solinger Str. 11 10555 Berlin\r\n<strong>Gl\u00e4ubiger Identifikationsnummer:<\/strong> DE66ZZZ00002649694\r\n<strong>IBAN:<\/strong> DE07 1005 0000 0191 2474 56\r\n\r\n\u00dcber eine Spende gr\u00f6\u00dfer als EUR 199,- erhalten Sie jeweils eine abzugsf\u00e4hige Spendenquittung.","_de_post_name":"foerderer","_de_post_excerpt":"","_de_post_title":"F\u00f6rderer","_en_post_content":"Support the Junges Consortium Berlin and become a member of the Friends, Alumni and Sponsors of the Junges Consortium Berlin e.V. association.\r\n\r\nClick here to access the membership application form for our support association:  &nbsp;&nbsp;&nbsp;&nbsp; <a style=\"background-color:#8ED0C5;border:none;color:white;padding: 5px 10px;cursor: pointer;\" href=\"https:\/\/junges-consortium-berlin.de\/wp-content\/uploads\/2024\/10\/Foerderverein_JCB_Antrag.pdf\">Membership application<\/a>\r\n\r\n<strong>Freunde, Ehemalige und F\u00f6rderer des Junges Consortium Berlin e.V.<\/strong>\r\nc\/o Yannick Schmitz, Wenckebachstr. 17\r\n12099 Berlin\r\n\r\nHelp us and donate directly:\r\n\r\n<strong>Name and address of the payee:<\/strong> Freunde, Ehemalige und F\u00f6rderer des Junges Consortium Berlin e.V.\r\n<strong>Address:<\/strong> c\/o Yannick Schmitz, Wenckebachstr. 17 12099 Berlin\r\n<strong>Creditor identification number:<\/strong> DE66ZZZ00002649694\r\n<strong>IBAN:<\/strong> DE07 1005 0000 0191 2474 56\r\n\r\nIf you donate more than EUR 199,- you will receive a deductible donation receipt.","_en_post_name":"sponsors","_en_post_excerpt":"","_en_post_title":"Sponsors","edit_language":"en","generate_page_header":"","_links_to":"","_links_to_target":""},"_links":{"self":[{"href":"https:\/\/junges-consortium-berlin.de\/en\/wp-json\/wp\/v2\/pages\/427"}],"collection":[{"href":"https:\/\/junges-consortium-berlin.de\/en\/wp-json\/wp\/v2\/pages"}],"about":[{"href":"https:\/\/junges-consortium-berlin.de\/en\/wp-json\/wp\/v2\/types\/page"}],"author":[{"embeddable":true,"href":"https:\/\/junges-consortium-berlin.de\/en\/wp-json\/wp\/v2\/users\/1"}],"replies":[{"embeddable":true,"href":"https:\/\/junges-consortium-berlin.de\/en\/wp-json\/wp\/v2\/comments?post=427"}],"version-history":[{"count":21,"href":"https:\/\/junges-consortium-berlin.de\/en\/wp-json\/wp\/v2\/pages\/427\/revisions"}],"predecessor-version":[{"id":859,"href":"https:\/\/junges-consortium-berlin.de\/en\/wp-json\/wp\/v2\/pages\/427\/revisions\/859"}],"wp:attachment":[{"href":"https:\/\/junges-consortium-berlin.de\/en\/wp-json\/wp\/v2\/media?parent=427"}],"curies":[{"name":"wp","href":"https:\/\/api.w.org\/{rel}","templated":true}]}}