{"id":6,"date":"2017-09-09T18:42:20","date_gmt":"2017-09-09T17:42:20","guid":{"rendered":"http:\/\/junges-consortium-berlin.de\/?page_id=6"},"modified":"2025-09-26T07:06:04","modified_gmt":"2025-09-26T05:06:04","slug":"ueber-uns","status":"publish","type":"page","link":"https:\/\/junges-consortium-berlin.de\/de\/ueber-uns\/","title":{"rendered":"\u00dcber uns"},"content":{"rendered":"<p>Das Junge Consortium Berlin geh\u00f6rt sieben Jahre nach seiner Gr\u00fcndung im Herbst 2015 zu den besten Jugendch\u00f6ren Deutschlands. Das Ensemble unter der k\u00fcnstlerischen Leitung von Lukas Schulze besteht aus ca. 25 S\u00e4nger*innen zwischen 16 und 30, die den gemischten A-cappella-Chorklang f\u00fcr sich entdeckt haben. Das Repertoire reicht dabei von der Renaissance (z.B. Johann Hermann Schein, Heinrich Sch\u00fctz) bis zu modernen, zeitgen\u00f6ssischen Werken (z.B. Alwin Michael Schronen, Michael Ostrzyga). Dabei steht nicht nur die Bewahrung von Kulturgut im Vordergrund, sondern auch dessen Neubelebung und \u2013Interpretation. Eine reine Intonation, ein musikalisch anspruchsvolles Programm und eine au\u00dfergew\u00f6hnliche klangliche Homogenit\u00e4t verbunden mit jugendlicher Klangfarbe bilden die k\u00fcnstlerischen Eckpfeiler des jungen Ensembles. <\/p>\n<p>Alle Mitglieder*innen haben jahrelange, oft gemeinsame Chorerfahrungen, die ein enges Zusammengeh\u00f6rigkeitsgef\u00fchl und eine vertraute Atmosph\u00e4re schaffen. Das Junge Consortium Berlin steht f\u00fcr Vielfalt, Toleranz und Chancengleichheit! Die S\u00e4ngerinnen und S\u00e4nger engagieren sich lokal und international f\u00fcr den Abbau von Barrieren, sodass ein Raum geschaffen werden kann, in dem junge Menschen unabh\u00e4ngig von Herkunft und Finanzen gemeinsam Grenzen \u00fcberwinden. Aus diesem Grund verzichtet das Junge Consortium Berlin auf einen Chormitgliedsbeitrag.<\/p>\n<h2>Probenarbeit<\/h2>\n<p>Proben sind f\u00fcr qualitative, gemeinsame Chormusik unerl\u00e4sslich! Einmal w\u00f6chentlich trifft sich der Chor f\u00fcr die oft intensiven, meist motivierten, aber immer gut gelaunten Proben. Dank der F\u00f6rderung der Musikschule City West wird die Probenarbeit durch regelm\u00e4\u00dfige Stimmbildung begleitet. Auch Lukas Schulze ist als Korrepetitor und Stimmprobenleiter ein unverzichtbarer Teil unseres Chores. Dreimal im Jahr fahren die Jugendlichen gemeinsam auf Probenwochenenden au\u00dferhalb von Berlin, um T\u00f6ne und Menschen besser kennenzulernen und erleben jedes Mal wieder, wie eng gute Chormusik und ein gutes Gruppengef\u00fchl verflochten sind.<\/p>\n<h2>Konzerte und Wettbewerbe<\/h2>\n<p>Verbindliches Engagement und professionelles Auftreten ist den jungen S\u00e4ngerinnen und S\u00e4ngern besonders wichtig. Schon im ersten Jahr konzertierten sie zehnmal in Berlin und Umgebung, standen also fast monatlich auf der B\u00fchne. So etablierte sich das Junge Consortium in der Berliner Chorszene, sang im Sommer 2016 eine Urauff\u00fchrung bei den \u201eNeuk\u00f6llner Originalt\u00f6nen\u201c und trat im Januar 2017 beim Sonntagskonzert des Berliner Chorverbandes im Kammermusiksaal der Philharmonie auf. Regelm\u00e4\u00dfig zu h\u00f6ren ist er in seinem Sch\u00f6neberger Kiez in der Paul-Gerhardt-Kirche und der Kirche zum Heilsbronnen. Die k\u00fcnstlerischen Ambitionen des Jugendchores manifestierten sich in der Teilnahme an mehreren Wettbewerben: Im Februar 2017 wurde das Junge Consortium Berlin bei dem internationalen Wettbewerb \u201eGrand Prix of Nations\u201c mit drei Goldmedaillen und einem Dirigentenpreis geehrt. Bei dem \u201eTampereen S\u00e4vel\u201c-Chorfestival in Tampere, Finnland, im Juni 2017 erreichte der Chor mit zwei Goldmedaillen den h\u00f6chsten Platz aus \u00fcber 50 internationalen Ch\u00f6ren. Weiterhin nahm das Junge Consortium Berlin am Berliner Chortreff 2017 in der Kategorie \u201eA1: Gemischte Kammerch\u00f6re\u201c teil und wurde mit dem Pr\u00e4dikat \u201esehr gut\u201c und mit der Option auf Weiterleitung zum Deutschen Chorwettbewerb 2018 ausgezeichnet. Beim \u201eSing Berlin! International Choir Festival &#038; Competition\u201c im Juli 2018 errang der Chor zwei Gold-Diplomas und wurde zu dem Gro\u00dfpreis weitergeleitet. Zuletzt nahm das Junge Consortium Berlin im September 2018 am \u201eIstramusica International Choir Festival &#038; Competition\u201c in Porec, Kroatien teil, wurde mit zwei Gold-Diplomas ausgezeichnet und zus\u00e4tzlich Sieger in der Kategorie \u201eYouth Choirs of mixed voices\u201c. Zuletzt wurde der Chor zu dem hoch renommierten \u201eInternationalen Kammerchor-Wettbewerb Marktoberdorf\u201c eingeladen und mit dem Pr\u00e4dikat \u2013 \u201every good performance at an international level\u201c ausgezeichnet. Im Oktober 2021 nahm das Junge Consortium Berlin an dem dritten internationalen Chorwettbewerb in Tokyo in der Online \u2013 Kategorie teil. Unter anderem wurden der Chor und sein Leiter dort mit dem Sonderpreis f\u00fcr die beste Interpretation eines romantischen Werkes ausgezeichnet. Insgesamt konzertierte das Junge Consortium Berlin seit seiner Gr\u00fcndung im Herbst 2015 \u00fcber 100 mal in Berlin und im Ausland.<\/p>\n<h2>Projekte und Reisen<\/h2>\n<p>Das Junge Consortium Berlin sucht immer die Herausforderung, ist offen f\u00fcr Neues und will den bekannten Boden verlassen. Zum einen musikalisch, zum Beispiel bei der Auff\u00fchrung Neuer Musik bei den \u201eNeuk\u00f6llner Originalt\u00f6nen\u201c oder der Zusammenarbeit mit dem Berliner Installations- und Lichtk\u00fcnstler Helmar Dittrich bei \u201eOrganovino \u2013 Festival f\u00fcr Orgel, Raum und Wein\u201c, zum anderen r\u00e4umlich mit unseren internationalen Konzert- und Begegnungsreisen. Der junge Chor pflegt die Kontakte zu Jugendch\u00f6ren in anderen L\u00e4ndern und sucht den Austausch dar\u00fcber, wie Musik in anderen Kulturen gerade unter jungen Menschen ge- und erlebt wird. Erster H\u00f6hepunkt dieser musikalischen und kulturellen Neugier war eine einw\u00f6chige Reise zum Doha Youth Choir nach Qatar im Oktober 2016, die die jungen Menschen pers\u00f6nlich und k\u00fcnstlerisch sehr inspiriert hat. Internationale Freundschaften werden au\u00dferdem mit dem Turku Cathedral Youth Choir und dem Vaskivuori Upper Secondary School Chamber Choir aus Finnland gepflegt, denen das Ensemble im Juni 2017 im Rahmen einer Konzertreise nach Finnland begegnet ist. Im Fr\u00fchjahr 2018 fand eine Konzertreise durch Deutschland und im Herbst eine Konzerttournee in Slowenien und Kroatien statt, in deren Rahmen das Junge Consortium an dem Chorwettbewerb Istramusica in Porec, Kroatien teilnahm. Im November 2019 reiste das Junge Consortium nach Litauen, wo es an einem Chorfestival teilnahm, in verschiedenen St\u00e4dten Konzerte gab und dabei einen kulturellen Austausch erm\u00f6glichte. Zum Jahresabschluss 2019 gab der Chor Konzerte in der Region um Stuttgart und Wiesbaden, und wurde zu der renommierten Konzertreihe \u201eStunde der Kirchenmusik\u201c eingeladen. Im August und im September 2020 konnte der Chor trotz der \u00e4u\u00dferen Umst\u00e4nde die Sommerkonzerte im Dom zu Brandenburg und im Ratzeburger Dom gestalten. Im Rahmen des internationalen Orgelfestivals wurde der Chor im Juli 2021 zu einer Konzertreise nach Polen eingeladen. Im November 2021 durfte das Junge Consortium in Tallinn, Estland mehrere Konzerte gemeinsam mit einheimischen Ch\u00f6ren bestreiten. Eine k\u00fcnstlerische Freundschaft verbindet den Chor auch mit den Berliner Teldex Studios und der UdK Berlin, durch die im April 2017 und im Juni 2018 professionelle Studioaufnahmen hervorgingen.<\/p>\n<h2>Geschichte<\/h2>\n<p>Die Idee f\u00fcr das Junge Consortium Berlin entstand in einer Gruppe junger Menschen, die seit Kindesbeinen an zusammen gesungen hatten und die dem Kinderchoralter nun entwachsen waren, nicht aber dem gemeinsamen Musizieren. Das Ensemble konnte den erfolgreichen Berliner Dirigenten Vinzenz Weissenburger als k\u00fcnstlerischen Leiter f\u00fcr unser Chorprojekt gewinnen, dank dessen Engagement im September 2015 das Junge Consortium Berlin als Jugendkammerchor der Musikschule City-West ins Leben gerufen werden konnte.<\/p>\n","protected":false},"excerpt":{"rendered":"<p>Das Junge Consortium Berlin geh\u00f6rt sieben Jahre nach seiner Gr\u00fcndung im Herbst 2015 zu den besten Jugendch\u00f6ren Deutschlands. Das Ensemble unter der k\u00fcnstlerischen Leitung von Lukas Schulze besteht aus ca. 25 S\u00e4nger*innen zwischen 16 und 30, die den gemischten A-cappella-Chorklang f\u00fcr sich entdeckt haben. Das Repertoire reicht dabei von der Renaissance (z.B. Johann Hermann Schein, &#8230; <a title=\"\u00dcber uns\" class=\"read-more\" href=\"https:\/\/junges-consortium-berlin.de\/de\/ueber-uns\/\">Weiterlesen &#8230;<\/a><\/p>\n","protected":false},"author":1,"featured_media":0,"parent":0,"menu_order":0,"comment_status":"closed","ping_status":"closed","template":"","meta":{"inline_featured_image":false,"_de_post_content":"Das Junge Consortium Berlin geh\u00f6rt sieben Jahre nach seiner Gr\u00fcndung im Herbst 2015 zu den besten Jugendch\u00f6ren Deutschlands. Das Ensemble unter der k\u00fcnstlerischen Leitung von Lukas Schulze besteht aus ca. 25 S\u00e4nger*innen zwischen 16 und 30, die den gemischten A-cappella-Chorklang f\u00fcr sich entdeckt haben. Das Repertoire reicht dabei von der Renaissance (z.B. Johann Hermann Schein, Heinrich Sch\u00fctz) bis zu modernen, zeitgen\u00f6ssischen Werken (z.B. Alwin Michael Schronen, Michael Ostrzyga). Dabei steht nicht nur die Bewahrung von Kulturgut im Vordergrund, sondern auch dessen Neubelebung und \u2013Interpretation. Eine reine Intonation, ein musikalisch anspruchsvolles Programm und eine au\u00dfergew\u00f6hnliche klangliche Homogenit\u00e4t verbunden mit jugendlicher Klangfarbe bilden die k\u00fcnstlerischen Eckpfeiler des jungen Ensembles. \r\n\r\nAlle Mitglieder*innen haben jahrelange, oft gemeinsame Chorerfahrungen, die ein enges Zusammengeh\u00f6rigkeitsgef\u00fchl und eine vertraute Atmosph\u00e4re schaffen. Das Junge Consortium Berlin steht f\u00fcr Vielfalt, Toleranz und Chancengleichheit! Die S\u00e4ngerinnen und S\u00e4nger engagieren sich lokal und international f\u00fcr den Abbau von Barrieren, sodass ein Raum geschaffen werden kann, in dem junge Menschen unabh\u00e4ngig von Herkunft und Finanzen gemeinsam Grenzen \u00fcberwinden. Aus diesem Grund verzichtet das Junge Consortium Berlin auf einen Chormitgliedsbeitrag.\r\n\r\n<h2>Probenarbeit<\/h2>\r\n\r\nProben sind f\u00fcr qualitative, gemeinsame Chormusik unerl\u00e4sslich! Einmal w\u00f6chentlich trifft sich der Chor f\u00fcr die oft intensiven, meist motivierten, aber immer gut gelaunten Proben. Dank der F\u00f6rderung der Musikschule City West wird die Probenarbeit durch regelm\u00e4\u00dfige Stimmbildung begleitet. Auch Lukas Schulze ist als Korrepetitor und Stimmprobenleiter ein unverzichtbarer Teil unseres Chores. Dreimal im Jahr fahren die Jugendlichen gemeinsam auf Probenwochenenden au\u00dferhalb von Berlin, um T\u00f6ne und Menschen besser kennenzulernen und erleben jedes Mal wieder, wie eng gute Chormusik und ein gutes Gruppengef\u00fchl verflochten sind.\r\n\r\n<h2>Konzerte und Wettbewerbe<\/h2>\r\n\r\nVerbindliches Engagement und professionelles Auftreten ist den jungen S\u00e4ngerinnen und S\u00e4ngern besonders wichtig. Schon im ersten Jahr konzertierten sie zehnmal in Berlin und Umgebung, standen also fast monatlich auf der B\u00fchne. So etablierte sich das Junge Consortium in der Berliner Chorszene, sang im Sommer 2016 eine Urauff\u00fchrung bei den \u201eNeuk\u00f6llner Originalt\u00f6nen\u201c und trat im Januar 2017 beim Sonntagskonzert des Berliner Chorverbandes im Kammermusiksaal der Philharmonie auf. Regelm\u00e4\u00dfig zu h\u00f6ren ist er in seinem Sch\u00f6neberger Kiez in der Paul-Gerhardt-Kirche und der Kirche zum Heilsbronnen. Die k\u00fcnstlerischen Ambitionen des Jugendchores manifestierten sich in der Teilnahme an mehreren Wettbewerben: Im Februar 2017 wurde das Junge Consortium Berlin bei dem internationalen Wettbewerb \u201eGrand Prix of Nations\u201c mit drei Goldmedaillen und einem Dirigentenpreis geehrt. Bei dem \u201eTampereen S\u00e4vel\u201c-Chorfestival in Tampere, Finnland, im Juni 2017 erreichte der Chor mit zwei Goldmedaillen den h\u00f6chsten Platz aus \u00fcber 50 internationalen Ch\u00f6ren. Weiterhin nahm das Junge Consortium Berlin am Berliner Chortreff 2017 in der Kategorie \u201eA1: Gemischte Kammerch\u00f6re\u201c teil und wurde mit dem Pr\u00e4dikat \u201esehr gut\u201c und mit der Option auf Weiterleitung zum Deutschen Chorwettbewerb 2018 ausgezeichnet. Beim \u201eSing Berlin! International Choir Festival & Competition\u201c im Juli 2018 errang der Chor zwei Gold-Diplomas und wurde zu dem Gro\u00dfpreis weitergeleitet. Zuletzt nahm das Junge Consortium Berlin im September 2018 am \u201eIstramusica International Choir Festival & Competition\u201c in Porec, Kroatien teil, wurde mit zwei Gold-Diplomas ausgezeichnet und zus\u00e4tzlich Sieger in der Kategorie \u201eYouth Choirs of mixed voices\u201c. Zuletzt wurde der Chor zu dem hoch renommierten \u201eInternationalen Kammerchor-Wettbewerb Marktoberdorf\u201c eingeladen und mit dem Pr\u00e4dikat \u2013 \u201every good performance at an international level\u201c ausgezeichnet. Im Oktober 2021 nahm das Junge Consortium Berlin an dem dritten internationalen Chorwettbewerb in Tokyo in der Online \u2013 Kategorie teil. Unter anderem wurden der Chor und sein Leiter dort mit dem Sonderpreis f\u00fcr die beste Interpretation eines romantischen Werkes ausgezeichnet. Insgesamt konzertierte das Junge Consortium Berlin seit seiner Gr\u00fcndung im Herbst 2015 \u00fcber 100 mal in Berlin und im Ausland.\r\n\r\n<h2>Projekte und Reisen<\/h2>\r\n\r\nDas Junge Consortium Berlin sucht immer die Herausforderung, ist offen f\u00fcr Neues und will den bekannten Boden verlassen. Zum einen musikalisch, zum Beispiel bei der Auff\u00fchrung Neuer Musik bei den \u201eNeuk\u00f6llner Originalt\u00f6nen\u201c oder der Zusammenarbeit mit dem Berliner Installations- und Lichtk\u00fcnstler Helmar Dittrich bei \u201eOrganovino \u2013 Festival f\u00fcr Orgel, Raum und Wein\u201c, zum anderen r\u00e4umlich mit unseren internationalen Konzert- und Begegnungsreisen. Der junge Chor pflegt die Kontakte zu Jugendch\u00f6ren in anderen L\u00e4ndern und sucht den Austausch dar\u00fcber, wie Musik in anderen Kulturen gerade unter jungen Menschen ge- und erlebt wird. Erster H\u00f6hepunkt dieser musikalischen und kulturellen Neugier war eine einw\u00f6chige Reise zum Doha Youth Choir nach Qatar im Oktober 2016, die die jungen Menschen pers\u00f6nlich und k\u00fcnstlerisch sehr inspiriert hat. Internationale Freundschaften werden au\u00dferdem mit dem Turku Cathedral Youth Choir und dem Vaskivuori Upper Secondary School Chamber Choir aus Finnland gepflegt, denen das Ensemble im Juni 2017 im Rahmen einer Konzertreise nach Finnland begegnet ist. Im Fr\u00fchjahr 2018 fand eine Konzertreise durch Deutschland und im Herbst eine Konzerttournee in Slowenien und Kroatien statt, in deren Rahmen das Junge Consortium an dem Chorwettbewerb Istramusica in Porec, Kroatien teilnahm. Im November 2019 reiste das Junge Consortium nach Litauen, wo es an einem Chorfestival teilnahm, in verschiedenen St\u00e4dten Konzerte gab und dabei einen kulturellen Austausch erm\u00f6glichte. Zum Jahresabschluss 2019 gab der Chor Konzerte in der Region um Stuttgart und Wiesbaden, und wurde zu der renommierten Konzertreihe \u201eStunde der Kirchenmusik\u201c eingeladen. Im August und im September 2020 konnte der Chor trotz der \u00e4u\u00dferen Umst\u00e4nde die Sommerkonzerte im Dom zu Brandenburg und im Ratzeburger Dom gestalten. Im Rahmen des internationalen Orgelfestivals wurde der Chor im Juli 2021 zu einer Konzertreise nach Polen eingeladen. Im November 2021 durfte das Junge Consortium in Tallinn, Estland mehrere Konzerte gemeinsam mit einheimischen Ch\u00f6ren bestreiten. Eine k\u00fcnstlerische Freundschaft verbindet den Chor auch mit den Berliner Teldex Studios und der UdK Berlin, durch die im April 2017 und im Juni 2018 professionelle Studioaufnahmen hervorgingen.\r\n\r\n<h2>Geschichte<\/h2>\r\n\r\nDie Idee f\u00fcr das Junge Consortium Berlin entstand in einer Gruppe junger Menschen, die seit Kindesbeinen an zusammen gesungen hatten und die dem Kinderchoralter nun entwachsen waren, nicht aber dem gemeinsamen Musizieren. Das Ensemble konnte den erfolgreichen Berliner Dirigenten Vinzenz Weissenburger als k\u00fcnstlerischen Leiter f\u00fcr unser Chorprojekt gewinnen, dank dessen Engagement im September 2015 das Junge Consortium Berlin als Jugendkammerchor der Musikschule City-West ins Leben gerufen werden konnte.","_de_post_name":"ueber-uns","_de_post_excerpt":"","_de_post_title":"\u00dcber uns","_en_post_content":"Seven years after its founding in the fall of 2015, the Junges Consortium Berlin is already among the best youth choirs of Germany. The ensemble under the artistic direction of Vinzenz Weissenburger consists of about 30 young singers between 16 and 26 years of age, who have discovered for themselves the mixed sonorities of an a-cappella-choir. The repertoire ranges from works of the renaissance era (e.g. Johann Hermann Schein, Heinrich Sch\u00fctz) to modern, contemporary pieces (e.g. Alwin Michael Schronen, Michael Ostrzyga). The main goal at this is not only to preserve cultural heritage, but also to revive and reinterpret it. The artistic cornerstones of the young ensemble are its pure intonation, a musically challenging programming and an exceptional homogenity in sound in alliance with a youthful timbre. All members have longstanding and often shared choir experience, which creates a deep sense of bonding and a trusted atmosphere.\r\n\r\nThe Junges Consortium Berlin stands for diversity, tolerance and an equality of opportunity! All members engage locally and internationally in the lowering of barriers, creating a common space for young people to overcome differences regardless of personal or financial background. Therefore the Junges Consortium Berlin consciously refrains from charging a membership fee.\r\n\r\n<h2>Rehearsal work<\/h2>\r\n\r\nNo concert without rehearsals! Twice a week the young ensemble meets for the often intense, usually motivated, but always good-humoured rehearsals. Thanks to the support of the Musikschule City West, the rehearsal work is accompanied by regular voice training with the renowned voice coach and vocal teacher Snezana Brzakovic. Lukas Schulze is also an indispensable part of our choir as r\u00e9p\u00e9titeur and voice rehearsal leader. Three times a year, the young people go on rehearsal weekends together outside of Berlin to get to know sounds and people better and experience every time how closely good choral music and a good group feeling are intertwined.\r\n\r\n<h2>Concerts and competitions<\/h2>\r\n\r\nA deep commitment and professional performance is essential to the young singers. Already in the first year they performed over ten times in Berlin and its surroundings which adds up to an almost monthly artistic activity. In this way the Junges Consortium Berlin established itself firmly on the Berlin choir scene, premiering an original piece at the \u201cNeuk\u00f6llner Originalt\u00f6ne\u201d festival and appearing in one of the traditional sunday concerts of the Berlin choir association (Berliner Chorverband) at the chamber music hall of the Philharmonie in January of 2017. The choir can be heard frequently in its neighborhood churches, the Paul-Gerhard-Kirche and the Kirche zum Heilsbronnen in Sch\u00f6neberg. The artistic ambitions of the youth choir manifested themselves in the participation in several competitions: In February 2017, the Junge Consortium Berlin was awarded three gold medals and a conductor\u2019s prize at the international competition \u201cGrand Prix of Nations\u201d. At the \u201cTampereen S\u00e4vel\u201d choir festival in Tampere, Finland, in June 2017, the choir won two gold medals, making it the highest ranking of over 50 international choirs. Furthermore, the Junges Consortium Berlin took part in the Berliner Chortreff 2017 in the category \u201cA1: Mixed chamber choirs\u201d and was awarded the distinction \u201cvery good\u201d and the option of being forwarded to the German Choir Competition 2018. The choir won two gold diplomas at the \"Sing Berlin! International Choir Festival & Competition\" in July 2018 and was forwarded to the Grand Prix. Most recently, in September 2018, the Junges Consortium Berlin participated in the \"Istramusica International Choir Festival & Competition\" in Porec, Croatia. It was awarded two gold diplomas and was the category winner in the category \"Youth Choirs of mixed voices\". Recently the choir was invited to the highly renowned \"International Chamber Choir Competition Marktoberdorf\" and was awarded the predicate \"very good performance at an international level\". In October 2021, the Junge Consortium Berlin took part in the third international choir competition in Tokyo in the online category. Among other things, the choir and its director were awarded the special prize for the best interpretation of a romantic work.  Since its foundation in autumn 2015, the Junges Consortium Berlin has performed over 100 concerts in Berlin and abroad.\r\n\r\n<h2>Projects and travels<\/h2>\r\n\r\nThe Junges Consortium Berlin is always looking for a challenge, is open to new things and wants to leave the familiar ground. On the one hand musically, for example in the performance of new music at the \"Neuk\u00f6llner Originalt\u00f6nen\" or the collaboration with the Berlin installation and light artist Helmar Dittrich at \"Organovino - Festival for Organ, Space and Wine\", on the other hand spatially with our international concert and encounter tours. The young choir cultivates contacts with youth choirs in other countries and seeks exchange about how music is experienced in other cultures, especially among young people. The first highlight of this musical and cultural curiosity was a week-long trip to the Doha Youth Choir in Qatar in October 2016, which inspired the young people personally and artistically. International friendships are also cultivated with the Turku Cathedral Youth Choir and the Vaskivuori Upper Secondary School Chamber Choir from Finland, whom the ensemble met during a concert tour to Finland in June 2017. A concert tour of Germany took place in spring 2018 and a concert tour of Slovenia and Croatia in autumn, during which the Young Consortium took part in the Istramusica Choir Competition in Porec, Croatia. In November 2019, the Junge Consortium travelled to Lithuania, where it took part in a choir festival and gave concerts in various cities, facilitating cultural exchange. At the end of 2019, the choir gave concerts in the region around Stuttgart and Wiesbaden, and was invited to the renowned concert series \"Stunde der Kirchenmusik\". In August and September 2020, the choir was able to perform summer concerts in Brandenburg Cathedral and Ratzeburg Cathedral despite the external circumstances. As part of the international organ festival, the choir was invited on a concert tour to Poland in July 2021. In November 2021 the choir had the opportunity to perform multiple times in Tallinn, Estland alongside local choirs. The choir also has an artistic friendship with the Berlin Teldex Studios and the UdK Berlin, which resulted in professional studio recordings in April 2017 and June 2018.\r\n\r\n<h2>History<\/h2>\r\n\r\nThe idea to found the Junges Consortium Berlin was formed by a group of young people that had been singing together since childhood and had grown out of the age span of children\u2019s choirs, but not out of the desire to make music together. The ensemble was able to win over the successful Berlin-based conductor Vinzenz Weissenburger as an artistic director. The Junges Consortium Berlin could be called into life as the youth choir of the Musikschule City West in September of 2015 thanks to his engagement.","_en_post_name":"about-us","_en_post_excerpt":"","_en_post_title":"About us","edit_language":"de","generate_page_header":"","_links_to":"","_links_to_target":""},"_links":{"self":[{"href":"https:\/\/junges-consortium-berlin.de\/de\/wp-json\/wp\/v2\/pages\/6"}],"collection":[{"href":"https:\/\/junges-consortium-berlin.de\/de\/wp-json\/wp\/v2\/pages"}],"about":[{"href":"https:\/\/junges-consortium-berlin.de\/de\/wp-json\/wp\/v2\/types\/page"}],"author":[{"embeddable":true,"href":"https:\/\/junges-consortium-berlin.de\/de\/wp-json\/wp\/v2\/users\/1"}],"replies":[{"embeddable":true,"href":"https:\/\/junges-consortium-berlin.de\/de\/wp-json\/wp\/v2\/comments?post=6"}],"version-history":[{"count":23,"href":"https:\/\/junges-consortium-berlin.de\/de\/wp-json\/wp\/v2\/pages\/6\/revisions"}],"predecessor-version":[{"id":839,"href":"https:\/\/junges-consortium-berlin.de\/de\/wp-json\/wp\/v2\/pages\/6\/revisions\/839"}],"wp:attachment":[{"href":"https:\/\/junges-consortium-berlin.de\/de\/wp-json\/wp\/v2\/media?parent=6"}],"curies":[{"name":"wp","href":"https:\/\/api.w.org\/{rel}","templated":true}]}}