{"id":10,"date":"2017-09-09T18:50:47","date_gmt":"2017-09-09T18:50:47","guid":{"rendered":"http:\/\/junges-consortium-berlin.de\/?page_id=10"},"modified":"2026-02-19T14:16:35","modified_gmt":"2026-02-19T12:16:35","slug":"startseite","status":"publish","type":"page","link":"https:\/\/junges-consortium-berlin.de\/de\/","title":{"rendered":"Startseite"},"content":{"rendered":"<p><script defer=\"defer\" src=\"https:\/\/junges-consortium-berlin.de\/wp-content\/uploads\/2022\/11\/content_schnittstelle_trim_to_three.js\"><\/script><\/p>\n<p><img decoding=\"async\" loading=\"lazy\" class=\"aligncenter size-full wp-image-575\" title=\"\" src=\"https:\/\/junges-consortium-berlin.de\/wp-content\/uploads\/2019\/02\/JCB_rennend_small.jpg\" alt=\"\" width=\"2000\" height=\"1000\" srcset=\"https:\/\/junges-consortium-berlin.de\/wp-content\/uploads\/2019\/02\/JCB_rennend_small.jpg 2000w, https:\/\/junges-consortium-berlin.de\/wp-content\/uploads\/2019\/02\/JCB_rennend_small-300x150.jpg 300w, https:\/\/junges-consortium-berlin.de\/wp-content\/uploads\/2019\/02\/JCB_rennend_small-768x384.jpg 768w, https:\/\/junges-consortium-berlin.de\/wp-content\/uploads\/2019\/02\/JCB_rennend_small-1920x960.jpg 1920w\" sizes=\"(max-width: 2000px) 100vw, 2000px\" \/><\/p>\n<div class=\"grid-container grid-parent\">\n<div class=\"grid-100\">\n<h3>N\u00e4chste Konzerte<\/h3>\n<div class=\"grid-container grid-parent\">\n<div class=\"grid-100 mobile-grid-100 tablet-grid-100\"> <em>Grounding<\/em>, 29.03.2026, 15:30 Uhr &#8211; Trinitatis-Kirche, Leibnizstra\u00dfe 79, 10625 Berlin<\/p>\n<h3><\/h3>\n<h3><\/h3>\n<\/div>\n<div class=\"chs5content\" data-content-url=\"https:\/\/chorsystem.de\/jcb\/public\/html\/terminliste\">Lade&#8230;<\/div>\n<\/div>\n<div class=\"grid+50\">\n<h3>Aktuelles<\/h3>\n<div class=\"grid-container grid-parent\">\n<div class=\"grid-100 mobile-grid-100 tablet-grid-100\">Am 29. Juni 2025 konnten wir unser 10 J\u00e4hriges feiern! 10 Jahre JCB &#8211; \u00fcber 120 Konzerte &#8211; 1 Leidenschaft!<br \/>\n<br \/>Von unserer Konzertreise in Polen haben wir eine Aufnahme von Hugo Wolfs &#8222;Resignation&#8220; auf unserem Youtube-Kanal ver\u00f6ffentlicht:<\/p>\n<\/div>\n<\/div>\n<div class=\"grid-100 mobile-grid-100 tablet-grid-100\">\n<center><iframe \nsrc=\"https:\/\/www.youtube.com\/embed\/ux7qCZkVhpQ\"><\/center><br \/>\n<\/iframe>\n<\/div>\n<\/div>\n<\/div>\n<p><!--\n\n\n<div class=\"grid-3\">\n\n\n<h3>Mitmachen<\/h3>\n\n\nDu m\u00f6chtest beim Jungen Consortium Berlin mitmachen? Dann schreib an unsere E-Mail-Adresse:\n<center><a href=\"mailto:hello@junges-consortium-berlin.de\" rel=\"noopener noreferrer\" target=\"_blank\">hello@junges-consortium-berlin.de<\/a><\/center>\n\nAlle n\u00f6tigen Informationen findest du auf dem Bild unten.\n\n<a href=\"https:\/\/junges-consortium-berlin.de\/wp-content\/uploads\/2019\/02\/Rekrutierungsplakat_bearbeitet.jpg\" rel=\"noopener noreferrer\" target=\"_blank\"><img decoding=\"async\" loading=\"lazy\" src=\"https:\/\/junges-consortium-berlin.de\/wp-content\/uploads\/2019\/02\/Rekrutierungsplakat_bearbeitet.jpg\" alt=\"\" class=\"wandbild aligncenter size-full wp-image-578\" width=\"300\" height=\"272\"><\/a><\/div>\n\n\n--><\/p>\n<\/div>\n","protected":false},"excerpt":{"rendered":"<p>N\u00e4chste Konzerte Grounding, 29.03.2026, 15:30 Uhr &#8211; Trinitatis-Kirche, Leibnizstra\u00dfe 79, 10625 Berlin Lade&#8230; Aktuelles Am 29. Juni 2025 konnten wir unser 10 J\u00e4hriges feiern! 10 Jahre JCB &#8211; \u00fcber 120 Konzerte &#8211; 1 Leidenschaft! Von unserer Konzertreise in Polen haben wir eine Aufnahme von Hugo Wolfs &#8222;Resignation&#8220; auf unserem Youtube-Kanal ver\u00f6ffentlicht:<\/p>\n","protected":false},"author":1,"featured_media":0,"parent":0,"menu_order":0,"comment_status":"closed","ping_status":"closed","template":"","meta":{"inline_featured_image":false,"_de_post_content":"<script defer=\"defer\" src=\"https:\/\/junges-consortium-berlin.de\/wp-content\/uploads\/2022\/11\/content_schnittstelle_trim_to_three.js\"><\/script>\r\n\r\n<img class=\"aligncenter size-full wp-image-575\" title=\"\" src=\"https:\/\/junges-consortium-berlin.de\/wp-content\/uploads\/2019\/02\/JCB_rennend_small.jpg\" alt=\"\" width=\"2000\" height=\"1000\" \/>\r\n<div class=\"grid-container grid-parent\">\r\n<div class=\"grid-100\">\r\n<h3>N\u00e4chste Konzerte<\/h3>\r\n<div class=\"grid-container grid-parent\">\r\n<div class=\"grid-100 mobile-grid-100 tablet-grid-100\"> <em>Grounding<\/em>, 29.03.2026, 15:30 Uhr - Trinitatis-Kirche, Leibnizstra\u00dfe 79, 10625 Berlin\r\n<h3><\/h3>\r\n<h3><\/h3>\r\n<\/div>\r\n\r\n<div class=\"chs5content\" data-content-url=\"https:\/\/chorsystem.de\/jcb\/public\/html\/terminliste\">Lade...<\/div>\r\n\r\n<\/div>\r\n<div class=\"grid+50\">\r\n<h3>Aktuelles<\/h3>\r\n<div class=\"grid-container grid-parent\">\r\n<div class=\"grid-100 mobile-grid-100 tablet-grid-100\">Am 29. Juni 2025 konnten wir unser 10 J\u00e4hriges feiern! 10 Jahre JCB - \u00fcber 120 Konzerte - 1 Leidenschaft!\r\n<br>Von unserer Konzertreise in Polen haben wir eine Aufnahme von Hugo Wolfs \"Resignation\" auf unserem Youtube-Kanal ver\u00f6ffentlicht:<br><br><\/div> \r\n<\/div>\r\n<div class=\"grid-100 mobile-grid-100 tablet-grid-100\">\r\n<center><iframe \r\nsrc=\"https:\/\/www.youtube.com\/embed\/ux7qCZkVhpQ\"><\/center>\r\n<\/iframe>\r\n<\/div>\r\n\r\n\r\n<\/div>\r\n<\/div>\r\n<!--\r\n<div class=\"grid-3\">\r\n<h3>Mitmachen<\/h3>\r\nDu m\u00f6chtest beim Jungen Consortium Berlin mitmachen? Dann schreib an unsere E-Mail-Adresse:\r\n<center><a href=\"mailto:hello@junges-consortium-berlin.de\" rel=\"noopener noreferrer\" target=\"_blank\">hello@junges-consortium-berlin.de<\/a><\/center>\r\n\r\nAlle n\u00f6tigen Informationen findest du auf dem Bild unten.\r\n\r\n<a href=\"https:\/\/junges-consortium-berlin.de\/wp-content\/uploads\/2019\/02\/Rekrutierungsplakat_bearbeitet.jpg\" rel=\"noopener noreferrer\" target=\"_blank\"><img src=\"https:\/\/junges-consortium-berlin.de\/wp-content\/uploads\/2019\/02\/Rekrutierungsplakat_bearbeitet.jpg\" alt=\"\" class=\"wandbild aligncenter size-full wp-image-578\" width=\"300\" height=\"272\"><\/a><\/div>\r\n-->\r\n\r\n<\/div>","_de_post_name":"startseite","_de_post_excerpt":"","_de_post_title":"Startseite","_en_post_content":"<script defer=\"defer\" src=\"https:\/\/junges-consortium-berlin.de\/wp-content\/uploads\/2022\/11\/content_schnittstelle_trim_to_three.js\"><\/script>\r\n\r\n<img src=\"https:\/\/junges-consortium-berlin.de\/wp-content\/uploads\/2019\/02\/JCB_rennend_small.jpg\" alt=\"\" class=\"aligncenter size-full wp-image-575\" width=\"2000\" height=\"1000\">\r\n<div class=\"grid-container grid-parent\">\r\n<div class=\"grid-50\">\r\n<h3>Next concerts<\/h3>\r\n\r\n<div class=\"chs5content\" data-content-url=\"https:\/\/chorsystem.de\/jcb\/public\/html\/terminliste\">Loading...<\/div>\r\n\r\n<\/div>\r\n<div class=\"grid-50\">\r\n<h3>News<\/h3>\r\n<div class=\"grid-container grid-parent\">\r\n<div class=\"grid-100 mobile-grid-100 tablet-grid-100\">Recently we performed our hundredth concert! 6 years of JCB - 100 concerts - 1 passion!\r\n<br>Taken from our concert tour in Poland, we have published a recording of Hugo Wolf's \"Resignation\" on our Youtube channel:<br><br><\/div> \r\n<\/div>\r\n<div class=\"grid-100 mobile-grid-100 tablet-grid-100\">\r\n<center><iframe \r\nsrc=\"https:\/\/www.youtube.com\/embed\/ux7qCZkVhpQ\"><\/center>\r\n<\/iframe> \r\n<\/div>\r\n<\/div>\r\n\r\n\r\n<\/div>\r\n<\/div>\r\n<!--\r\n<div class=\"grid-33\">\r\n<h3>Participate<\/h3>\r\nWould you like to join the Junges Consortium Berlin? Write to our e-mail address:\r\n<center><a href=\"mailto:hello@junges-consortium-berlin.de\" rel=\"noopener noreferrer\" target=\"_blank\">hello@junges-consortium-berlin.de<\/a><\/center>\r\n\r\nAll necessary information can be found on the picture below.\r\n\r\n<a href=\"https:\/\/junges-consortium-berlin.de\/wp-content\/uploads\/2019\/02\/Rekrutierungsplakat_bearbeitet.jpg\" rel=\"noopener noreferrer\" target=\"_blank\"><img src=\"https:\/\/junges-consortium-berlin.de\/wp-content\/uploads\/2019\/02\/Rekrutierungsplakat_bearbeitet.jpg\" alt=\"\" class=\"wandbild aligncenter size-full wp-image-578\" width=\"300\" height=\"272\"><\/a><\/div>\r\n-->\r\n\r\n<\/div>","_en_post_name":"startseite","_en_post_excerpt":"","_en_post_title":"Homepage","edit_language":"de","generate_page_header":"","_links_to":"","_links_to_target":""},"_links":{"self":[{"href":"https:\/\/junges-consortium-berlin.de\/de\/wp-json\/wp\/v2\/pages\/10"}],"collection":[{"href":"https:\/\/junges-consortium-berlin.de\/de\/wp-json\/wp\/v2\/pages"}],"about":[{"href":"https:\/\/junges-consortium-berlin.de\/de\/wp-json\/wp\/v2\/types\/page"}],"author":[{"embeddable":true,"href":"https:\/\/junges-consortium-berlin.de\/de\/wp-json\/wp\/v2\/users\/1"}],"replies":[{"embeddable":true,"href":"https:\/\/junges-consortium-berlin.de\/de\/wp-json\/wp\/v2\/comments?post=10"}],"version-history":[{"count":100,"href":"https:\/\/junges-consortium-berlin.de\/de\/wp-json\/wp\/v2\/pages\/10\/revisions"}],"predecessor-version":[{"id":874,"href":"https:\/\/junges-consortium-berlin.de\/de\/wp-json\/wp\/v2\/pages\/10\/revisions\/874"}],"wp:attachment":[{"href":"https:\/\/junges-consortium-berlin.de\/de\/wp-json\/wp\/v2\/media?parent=10"}],"curies":[{"name":"wp","href":"https:\/\/api.w.org\/{rel}","templated":true}]}}